{"id":2,"date":"2024-11-05T16:13:57","date_gmt":"2024-11-05T16:13:57","guid":{"rendered":"https:\/\/sanisa-auswahl.visual-image.de\/?page_id=2"},"modified":"2025-10-10T07:26:57","modified_gmt":"2025-10-10T07:26:57","slug":"sample-page","status":"publish","type":"page","link":"https:\/\/sanisa-auswahl.visual-image.de\/","title":{"rendered":"Home"},"content":{"rendered":"\t\t<div data-elementor-type=\"wp-page\" data-elementor-id=\"2\" class=\"elementor elementor-2\" data-elementor-post-type=\"page\">\n\t\t\t\t<div class=\"elementor-element elementor-element-ef3dc83 e-con-full e-flex e-con e-parent\" data-id=\"ef3dc83\" data-element_type=\"container\" data-e-type=\"container\">\n\t\t<div class=\"elementor-element elementor-element-7dd44d3 e-con-full e-flex e-con e-child\" data-id=\"7dd44d3\" data-element_type=\"container\" data-e-type=\"container\" data-settings=\"{&quot;background_background&quot;:&quot;classic&quot;}\">\n\t\t\t\t<div class=\"elementor-element elementor-element-111cdfe elementor-widget elementor-widget-spacer\" data-id=\"111cdfe\" data-element_type=\"widget\" data-e-type=\"widget\" data-widget_type=\"spacer.default\">\n\t\t\t\t<div class=\"elementor-widget-container\">\n\t\t\t\t\t\t\t<div class=\"elementor-spacer\">\n\t\t\t<div class=\"elementor-spacer-inner\"><\/div>\n\t\t<\/div>\n\t\t\t\t\t\t<\/div>\n\t\t\t\t<\/div>\n\t\t\t\t<\/div>\n\t\t<div class=\"elementor-element elementor-element-349cc02 e-con-full e-flex e-con e-child\" data-id=\"349cc02\" data-element_type=\"container\" data-e-type=\"container\">\n\t\t<div class=\"elementor-element elementor-element-fda0af4 e-con-full e-flex e-con e-child\" data-id=\"fda0af4\" data-element_type=\"container\" data-e-type=\"container\">\n\t\t\t\t<div class=\"elementor-element elementor-element-b7bc6b9 elementor-widget elementor-widget-image\" data-id=\"b7bc6b9\" data-element_type=\"widget\" data-e-type=\"widget\" data-widget_type=\"image.default\">\n\t\t\t\t<div class=\"elementor-widget-container\">\n\t\t\t\t\t\t\t\t\t\t\t\t\t\t\t<img fetchpriority=\"high\" decoding=\"async\" width=\"800\" height=\"187\" src=\"https:\/\/sanisa-auswahl.visual-image.de\/wp-content\/uploads\/2024\/11\/Sanisa-Logo.jpg\" class=\"attachment-large size-large wp-image-31\" alt=\"\" srcset=\"https:\/\/sanisa-auswahl.visual-image.de\/wp-content\/uploads\/2024\/11\/Sanisa-Logo.jpg 800w, https:\/\/sanisa-auswahl.visual-image.de\/wp-content\/uploads\/2024\/11\/Sanisa-Logo-300x70.jpg 300w, https:\/\/sanisa-auswahl.visual-image.de\/wp-content\/uploads\/2024\/11\/Sanisa-Logo-768x180.jpg 768w\" sizes=\"(max-width: 800px) 100vw, 800px\" \/>\t\t\t\t\t\t\t\t\t\t\t\t\t\t\t<\/div>\n\t\t\t\t<\/div>\n\t\t\t\t<div class=\"elementor-element elementor-element-0e713c3 elementor-widget elementor-widget-text-editor\" data-id=\"0e713c3\" data-element_type=\"widget\" data-e-type=\"widget\" data-widget_type=\"text-editor.default\">\n\t\t\t\t<div class=\"elementor-widget-container\">\n\t\t\t\t\t\t\t\t\tWir sind seit \u00fcber 15 Jahren Ihr Partner f\u00fcr Baumaschinen und Nutzfahrzeuge.\nAls inhabergef\u00fchrtes Unternehmen mit Erfahrung, Weitsicht, Seriosit\u00e4t und\nZuverl\u00e4ssigkeit sind wir ein weltweit agierendes Unternehmen im stetigen Wachstum.\nDer weltweite Ankauf und Verkauf von Baumaschinen und Nutzfahrzeugen ist unser Schwerpunkt.\t\t\t\t\t\t\t\t<\/div>\n\t\t\t\t<\/div>\n\t\t\t\t<div class=\"elementor-element elementor-element-0ad1840 elementor-align-center elementor-widget elementor-widget-button\" data-id=\"0ad1840\" data-element_type=\"widget\" data-e-type=\"widget\" data-widget_type=\"button.default\">\n\t\t\t\t<div class=\"elementor-widget-container\">\n\t\t\t\t\t\t\t\t\t<div class=\"elementor-button-wrapper\">\n\t\t\t\t\t<a class=\"elementor-button elementor-button-link elementor-size-sm\" href=\"#\">\n\t\t\t\t\t\t<span class=\"elementor-button-content-wrapper\">\n\t\t\t\t\t\t\t\t\t<span class=\"elementor-button-text\">Zur Webseite<\/span>\n\t\t\t\t\t<\/span>\n\t\t\t\t\t<\/a>\n\t\t\t\t<\/div>\n\t\t\t\t\t\t\t\t<\/div>\n\t\t\t\t<\/div>\n\t\t\t\t<\/div>\n\t\t\t\t<\/div>\n\t\t\t\t<\/div>\n\t\t<div class=\"elementor-element elementor-element-3968ab8 e-con-full e-flex e-con e-parent\" data-id=\"3968ab8\" data-element_type=\"container\" data-e-type=\"container\">\n\t\t<div class=\"elementor-element elementor-element-ac8a3d6 e-con-full e-flex e-con e-child\" data-id=\"ac8a3d6\" data-element_type=\"container\" data-e-type=\"container\">\n\t\t<div class=\"elementor-element elementor-element-60dc6dd e-con-full e-flex e-con e-child\" data-id=\"60dc6dd\" data-element_type=\"container\" data-e-type=\"container\">\n\t\t\t\t<div class=\"elementor-element elementor-element-8207d52 elementor-widget elementor-widget-image\" data-id=\"8207d52\" data-element_type=\"widget\" data-e-type=\"widget\" data-widget_type=\"image.default\">\n\t\t\t\t<div class=\"elementor-widget-container\">\n\t\t\t\t\t\t\t\t\t\t\t\t\t\t\t<img decoding=\"async\" width=\"800\" height=\"187\" src=\"https:\/\/sanisa-auswahl.visual-image.de\/wp-content\/uploads\/2024\/11\/Sanisa-Immobilien-Logo-1.jpg\" class=\"attachment-large size-large wp-image-86\" alt=\"\" srcset=\"https:\/\/sanisa-auswahl.visual-image.de\/wp-content\/uploads\/2024\/11\/Sanisa-Immobilien-Logo-1.jpg 800w, https:\/\/sanisa-auswahl.visual-image.de\/wp-content\/uploads\/2024\/11\/Sanisa-Immobilien-Logo-1-300x70.jpg 300w, https:\/\/sanisa-auswahl.visual-image.de\/wp-content\/uploads\/2024\/11\/Sanisa-Immobilien-Logo-1-768x180.jpg 768w\" sizes=\"(max-width: 800px) 100vw, 800px\" \/>\t\t\t\t\t\t\t\t\t\t\t\t\t\t\t<\/div>\n\t\t\t\t<\/div>\n\t\t\t\t<div class=\"elementor-element elementor-element-73dc128 elementor-widget elementor-widget-text-editor\" data-id=\"73dc128\" data-element_type=\"widget\" data-e-type=\"widget\" data-widget_type=\"text-editor.default\">\n\t\t\t\t<div class=\"elementor-widget-container\">\n\t\t\t\t\t\t\t\t\tAls erfahrener Partner stehen wir mit unserer langj\u00e4hrigen Erfahrung auf dem Immobilienmarkt an Ihrer Seite. Wir decken von der Immobilienbewertung \u00fcber den Immobilienankauf und die Immobilienvermietung bis hin zum Immobilienverkauf alle g\u00e4ngigen Leistungen ab. Dabei stehen Ihre Bed\u00fcrfnisse stets im Mittelpunkt unseres Handelns. Bei Sanisa vereinen wir ein breites Netzwerk an Experten und kurze Entscheidungswege.\t\t\t\t\t\t\t\t<\/div>\n\t\t\t\t<\/div>\n\t\t\t\t<div class=\"elementor-element elementor-element-625863d elementor-align-center elementor-widget elementor-widget-button\" data-id=\"625863d\" data-element_type=\"widget\" data-e-type=\"widget\" data-widget_type=\"button.default\">\n\t\t\t\t<div class=\"elementor-widget-container\">\n\t\t\t\t\t\t\t\t\t<div class=\"elementor-button-wrapper\">\n\t\t\t\t\t<a class=\"elementor-button elementor-button-link elementor-size-sm\" href=\"#\">\n\t\t\t\t\t\t<span class=\"elementor-button-content-wrapper\">\n\t\t\t\t\t\t\t\t\t<span class=\"elementor-button-text\">Zur Webseite<\/span>\n\t\t\t\t\t<\/span>\n\t\t\t\t\t<\/a>\n\t\t\t\t<\/div>\n\t\t\t\t\t\t\t\t<\/div>\n\t\t\t\t<\/div>\n\t\t\t\t<\/div>\n\t\t\t\t<\/div>\n\t\t<div class=\"elementor-element elementor-element-2d14731 e-con-full e-flex e-con e-child\" data-id=\"2d14731\" data-element_type=\"container\" data-e-type=\"container\" data-settings=\"{&quot;background_background&quot;:&quot;classic&quot;}\">\n\t\t\t\t<div class=\"elementor-element elementor-element-7d6810b elementor-widget elementor-widget-spacer\" data-id=\"7d6810b\" data-element_type=\"widget\" data-e-type=\"widget\" data-widget_type=\"spacer.default\">\n\t\t\t\t<div class=\"elementor-widget-container\">\n\t\t\t\t\t\t\t<div class=\"elementor-spacer\">\n\t\t\t<div class=\"elementor-spacer-inner\"><\/div>\n\t\t<\/div>\n\t\t\t\t\t\t<\/div>\n\t\t\t\t<\/div>\n\t\t\t\t<\/div>\n\t\t\t\t<\/div>\n\t\t\t\t<\/div>\n\t\t","protected":false},"excerpt":{"rendered":"<p>Wir sind seit \u00fcber 15 Jahren Ihr Partner f\u00fcr Baumaschinen und Nutzfahrzeuge. Als inhabergef\u00fchrtes Unternehmen mit Erfahrung, Weitsicht, Seriosit\u00e4t und Zuverl\u00e4ssigkeit sind wir ein weltweit agierendes Unternehmen im stetigen Wachstum. Der weltweite Ankauf und Verkauf von Baumaschinen und Nutzfahrzeugen ist unser Schwerpunkt. Zur Webseite Als erfahrener Partner stehen wir mit unserer langj\u00e4hrigen Erfahrung auf dem [&hellip;]<\/p>\n","protected":false},"author":1,"featured_media":0,"parent":0,"menu_order":0,"comment_status":"closed","ping_status":"closed","template":"elementor_header_footer","meta":{"footnotes":""},"class_list":["post-2","page","type-page","status-publish","hentry"],"_links":{"self":[{"href":"https:\/\/sanisa-auswahl.visual-image.de\/index.php?rest_route=\/wp\/v2\/pages\/2","targetHints":{"allow":["GET"]}}],"collection":[{"href":"https:\/\/sanisa-auswahl.visual-image.de\/index.php?rest_route=\/wp\/v2\/pages"}],"about":[{"href":"https:\/\/sanisa-auswahl.visual-image.de\/index.php?rest_route=\/wp\/v2\/types\/page"}],"author":[{"embeddable":true,"href":"https:\/\/sanisa-auswahl.visual-image.de\/index.php?rest_route=\/wp\/v2\/users\/1"}],"replies":[{"embeddable":true,"href":"https:\/\/sanisa-auswahl.visual-image.de\/index.php?rest_route=%2Fwp%2Fv2%2Fcomments&post=2"}],"version-history":[{"count":97,"href":"https:\/\/sanisa-auswahl.visual-image.de\/index.php?rest_route=\/wp\/v2\/pages\/2\/revisions"}],"predecessor-version":[{"id":130,"href":"https:\/\/sanisa-auswahl.visual-image.de\/index.php?rest_route=\/wp\/v2\/pages\/2\/revisions\/130"}],"wp:attachment":[{"href":"https:\/\/sanisa-auswahl.visual-image.de\/index.php?rest_route=%2Fwp%2Fv2%2Fmedia&parent=2"}],"curies":[{"name":"wp","href":"https:\/\/api.w.org\/{rel}","templated":true}]}}